{"id":8579,"date":"2023-09-26T16:22:10","date_gmt":"2023-09-26T14:22:10","guid":{"rendered":"https:\/\/xorr.pl\/?post_type=product&#038;p=8579"},"modified":"2024-09-17T18:05:53","modified_gmt":"2024-09-17T16:05:53","slug":"odbiornik-superp-14ch","status":"publish","type":"product","link":"https:\/\/xorr.pl\/en\/product\/odbiornik-superp-14ch\/","title":{"rendered":"Odbiornik SuperP 14CH"},"content":{"rendered":"<p>Odbiornik SuperP 14CH Diversity zosta\u0142 zaprojektowany nie tylko do lot\u00f3w na du\u017c\u0105 odleg\u0142o\u015b\u0107, fotografii lotniczej, ale tak\u017ce nadaje si\u0119 do zastosowa\u0144 w samolotach, \u015bmig\u0142owcach, samochodach RC, \u0142odziach itp. Posiada oscylator TCXO, dwie anteny, podw\u00f3jne \u0142a\u0144cuchy odbiornika oraz porty Plug-N-Play. Dodatkowo wprowadza wi\u0119cej funkcji, kt\u00f3re obs\u0142uguj\u0105 14 kana\u0142\u00f3w dla zewn\u0119trznego barometru, kolorowej ta\u015bmy LED RGB i innych zewn\u0119trznych czujnik\u00f3w, kt\u00f3re s\u0105 obecnie w fazie rozwoju. Oferuje wersje 2.4GHz, 915MHz i 868MHz, co w pe\u0142ni spe\u0142nia wymagania niezawodno\u015bci w lotach na du\u017c\u0105 odleg\u0142o\u015b\u0107, fotografii lotniczej lub akrobacjach FPV freestyle. Dzi\u0119ki temu odbiornikowi u\u017cytkownicy mog\u0105 uzyska\u0107 bardziej stabilne i niezawodne do\u015bwiadczenie w modelarstwie RC.<\/p>\n<p><img decoding=\"async\" src=\"https:\/\/cdn.shopifycdn.net\/s\/files\/1\/1778\/6615\/files\/2fcff80837b53a294056d927199f8372_de504133-dd3a-4779-b40b-f71b73b5ea72_1024x1024.jpg?v=1685702361\" alt=\"\" \/><\/p>\n<p>&nbsp;<\/p>\n<h2>Najwa\u017cniejsze:<\/h2>\n<ul>\n<li>Posiada 14 kana\u0142\u00f3w PWM, co czyni go odpowiednim do r\u00f3\u017cnych zastosowa\u0144.<\/li>\n<li>Mo\u017ce obs\u0142ugiwa\u0107 a\u017c 14 serw, co pozwala na bardziej zaawansowan\u0105 i precyzyjn\u0105 kontrol\u0119.<\/li>\n<li>Dodatkowo obs\u0142uguje zewn\u0119trzne sensory, takie jak barometr, czujnik pr\u0105du, itp.<\/li>\n<li>To prawdziwy odbiornik typu diversity, z dwoma niezale\u017cnymi \u0142a\u0144cuchami RF (opartymi na najnowszym oficjalnym ExprssLRS).<\/li>\n<li>Posiada oprogramowanie ExpressLRS V3.3. Zawiera oscylator TCXO (kompensowany termicznie oscylator kryszta\u0142owy), kt\u00f3ry jest wsp\u00f3\u0142dzielony przez dwa uk\u0142ady RF, zapewniaj\u0105c bardzo dok\u0142adne \u017ar\u00f3d\u0142o zegara. Mo\u017ce dzia\u0142a\u0107 w ekstremalnych temperaturach, ci\u0105gle generuj\u0105c dok\u0142adn\u0105 cz\u0119stotliwo\u015b\u0107 dla lot\u00f3w na du\u017c\u0105 odleg\u0142o\u015b\u0107.<\/li>\n<li>Dwie anteny tworz\u0105 sygna\u0142 odbiorczy o kszta\u0142cie omnidirectionalnym, co sprzyja dobrej transmisji sygna\u0142u. Zaleca si\u0119 umieszczenie anten oddzielnie i pionowo, aby uzyska\u0107 lepszy sygna\u0142.<\/li>\n<li>Dzi\u0119ki wsparciu funkcji failsafe, jest w stanie chroni\u0107 modele RC przed utrat\u0105 kontroli.<\/li>\n<li>Odbiornik posiada port USB typu C, co u\u0142atwia pilotom aktualizacj\u0119 oprogramowania.<\/li>\n<li>Prosta konstrukcja Plug-and-Play sprawia, \u017ce jest bardzo \u0142atwy i przyjazny w u\u017cyciu. System radiowy 900 MHz wykazuje wi\u0119ksz\u0105 zdolno\u015b\u0107 do dyfrakcji ze wzgl\u0119du na ni\u017csz\u0105 cz\u0119stotliwo\u015b\u0107, podczas gdy systemy 2.4 GHz maj\u0105 tendencj\u0119 do bycia kierunkowymi i podatnymi na t\u0142umienie wywo\u0142ane przez budynki, ro\u015blinno\u015b\u0107 lub wilgo\u0107.<\/li>\n<\/ul>\n<h2>Specification<\/h2>\n<ul>\n<li>Produkt: Odbiornik SuperP 14CH Diversity | ELRS 2.4GHz\/915MHz\/868MHz od BETAFPV<\/li>\n<li>MCU: ESP32 Pico D4 + 2<em>SX1280\/SX1281 + 2<\/em>AT2401C (2.4GHz) MCU: ESP32 Pico D4 + 2<em>SX1276 (915MHz\/868MHz) Moc Telemetrii: 20dBm\/100mW (2.4GHz), 17dBm\/50mW (915MHz\/868MHz) Pasmo Cz\u0119stotliwo\u015bci: 2.4GHz ISM, 915MHz FCC\/868MHz EU Pr\u0105d Znamionowy: 180mA@5V (2.4GHz), 140mA@5V (915MHz\/868MHz) Waga: 15,5g (2.4GHz), 15,8g (915MHz\/868MHz) <\/em><\/li>\n<li><em>Wersja Domy\u015blnego Oprogramowania: ExpressLRS V3.3.0 <\/em><\/li>\n<li><em>Protok\u00f3\u0142 Wyj\u015bcia Szeregowego: PWM, CRSF lub SBUS Antena: 2<\/em> Antena IPEX MHF 1 Wymiary: 46,9mm<em>32,7mm<\/em>14,6mm<\/li>\n<li>Zakres Detektora Napi\u0119cia: 1<del>6S Napi\u0119cie Wej\u015bciowe: 3,5V<\/del>8,4V DC<\/li>\n<li>Kana\u0142 PWM: 14 Kana\u0142\u00f3w Rodzaj Modelu RC: Multikoptery, Samoloty z Nap\u0119dem \u015amig\u0142owym, \u015amig\u0142owce, Samochody RC, \u0141odzie RC itp.<\/li>\n<li>Szybka Aktualizacja Odbiornik SuperP 14CH Diversity zosta\u0142 stworzony na bazie dobrych cech odbiornika True Diversity SuperD i Micro Receiver od BETAFPV. Na przyk\u0142ad posiada 14 kana\u0142\u00f3w PWM, dwie anteny, podw\u00f3jne \u0142a\u0144cuchy odbiornika, oscylator TCXO, itp. Dodatkowo ma port szeregowy I2C do pod\u0142\u0105czenia zewn\u0119trznych czujnik\u00f3w, takich jak barometr, oraz zarezerwowany port 3-pin do ta\u015bmy LED RGB. Dzi\u0119ki po\u0142\u0105czeniu tych cech, odbiornik SuperP RX zapewnia stabilno\u015b\u0107 i niezawodno\u015b\u0107 dla u\u017cytkownik\u00f3w.<\/li>\n<\/ul>\n<article class=\"4ever-article\" data-identifier-application__slash__x-doc-key=\"LvBPlNK4PGrXndG8\" data-identifier-application__slash__x-cangjie-fragment=\"JTdCJTIya2xhc3MlMjIlM0ElMjJkb2N1bWVudCUyMiUyQyUyMmRhdGElMjIlM0ElN0IlN0QlMkMlMjJub2RlcyUyMiUzQSU1QiU3QiUyMmtsYXNzJTIyJTNBJTIyYmxvY2slMjIlMkMlMjJ0eXBlJTIyJTNBJTIycGFyYWdyYXBoJTIyJTJDJTIyZGF0YSUyMiUzQSU3QiUyMnV1aWQlMjIlM0ElMjJsOTd1M2dqdWo4bDRldmhnYXNtJTIyJTdEJTJDJTIybm9kZXMlMjIlM0ElNUIlN0IlMjJrbGFzcyUyMiUzQSUyMnRleHQlMjIlMkMlMjJsZWF2ZXMlMjIlM0ElNUIlN0IlMjJrbGFzcyUyMiUzQSUyMmxlYWYlMjIlMkMlMjJ0ZXh0JTIyJTNBJTIyU3VwZXJEJTIwRUxSUyUyMDIuNEclMjBEaXZlcnNpdHklMjBSZWNlaXZlciUyMiUyQyUyMm1hcmtzJTIyJTNBJTVCJTdCJTIya2xhc3MlMjIlM0ElMjJtYXJrJTIyJTJDJTIydHlwZSUyMiUzQSUyMmJvbGQlMjIlMkMlMjJkYXRhJTIyJTNBJTdCJTIydmFsdWUlMjIlM0FmYWxzZSU3RCU3RCUyQyU3QiUyMmtsYXNzJTIyJTNBJTIybWFyayUyMiUyQyUyMnR5cGUlMjIlM0ElMjJzeiUyMiUyQyUyMmRhdGElMjIlM0ElN0IlMjJ2YWx1ZSUyMiUzQTExJTJDJTIyc3pVbml0JTIyJTNBJTIycHQlMjIlN0QlN0QlNUQlN0QlNUQlN0QlNUQlN0QlNUQlN0Q=\" data-clipboard-cangjie=\"[&quot;root&quot;,{&quot;copyFrom&quot;:1329378339},[&quot;p&quot;,{},[&quot;span&quot;,{&quot;data-type&quot;:&quot;text&quot;},[&quot;span&quot;,{&quot;bold&quot;:false,&quot;sz&quot;:11,&quot;szUnit&quot;:&quot;pt&quot;,&quot;data-type&quot;:&quot;leaf&quot;},&quot;SuperD ELRS 2.4G Diversity Receiver&quot;]]]]\">\n<div style=\"text-align: left;\"><img decoding=\"async\" src=\"https:\/\/cdn.shopifycdn.net\/s\/files\/1\/1778\/6615\/files\/f7d7c897f798fc44c391847188c3ac79_d9739af8-14f9-4006-861a-4a9df46c2548_480x480.jpg?v=1685590135\" alt=\"SuperP 14CH Diversity Receiver\" \/><\/div>\n<\/article>\n<h2><\/h2>\n<div class=\"table-wrapper\"><\/div>\n<p><img decoding=\"async\" src=\"https:\/\/cdn.shopifycdn.net\/s\/files\/1\/1778\/6615\/files\/21be23fbbb2e542d5d0bb2f89e65c1b9_972d54af-49a9-4f4d-914b-361c1cd9ceea_1024x1024.jpg?v=1685589173\" alt=\"SuperP 14CH Diversity Receiver\" \/><\/p>\n<p>&nbsp;<\/p>\n<p><img decoding=\"async\" src=\"https:\/\/cdn.shopifycdn.net\/s\/files\/1\/1778\/6615\/files\/a71f25a903f0fa60d862a54210ccf079_520c1d3c-c212-4ed2-a34c-e85b572475d1_1024x1024.jpg?v=1685589191\" alt=\"SuperP 14CH Diversity Receiver\" \/><\/p>\n<p>It is recommended to place the antenna separately and vertically as far as possible for a better signal.<\/p>\n<p><img decoding=\"async\" src=\"https:\/\/cdn.shopifycdn.net\/s\/files\/1\/1778\/6615\/files\/13b078bd2abe4e9330471ddcc0add2b3_f34825cc-fdb9-4b81-818f-e321ad1942eb_1024x1024.jpg?v=1685676423\" alt=\"SuperP 14CH Diversity Receiver\" \/><\/p>\n<p>&nbsp;<\/p>\n<div style=\"text-align: start;\"><img decoding=\"async\" style=\"float: none;\" src=\"https:\/\/cdn.shopifycdn.net\/s\/files\/1\/1778\/6615\/files\/0da14aa6941f00c214b49fa4c43fda55_1024x1024.jpg?v=1685701766\" alt=\"SuperP 14CH Diversity Receiver\" \/><\/div>\n<p>&nbsp;<\/p>\n<p><img decoding=\"async\" src=\"https:\/\/cdn.shopifycdn.net\/s\/files\/1\/1778\/6615\/files\/f9453e6a41e032de92847c0f59838e68_35ee5da2-dbaf-437b-a4fb-500bfb87f577_1024x1024.jpg?v=1681091393\" alt=\"\" \/><\/p>\n<p>&nbsp;<\/p>\n<div id=\"cozy-video-gallery10686\" class=\"cozy-video-gallery cozy-video-gallery10686-1\"><\/div>\n<h2>Package<\/h2>\n<ul>\n<li>1 * Odbiornik SuperP 14CH Diversity (2.4GHz\/915MHz\/868MHz)<\/li>\n<li>2 * Antena Monopole o D\u0142ugo\u015bci 150mm (2.4GHz)<\/li>\n<li>2 * Antena Dipolowa T o D\u0142ugo\u015bci 150mm (915MHz\/868MHz)<\/li>\n<li>1 * Kabel GH2.0 3-Pin 1 * Kabel GH2.0 4-Pin<\/li>\n<li>1 * Kabel Rozdzielaj\u0105cy Y do Serwa<\/li>\n<li>1 * Kabel Testowy Napi\u0119cia<\/li>\n<li>1 * Instrukcja Obs\u0142ugi<\/li>\n<\/ul>\n<p><img decoding=\"async\" style=\"float: none;\" src=\"https:\/\/cdn.shopifycdn.net\/s\/files\/1\/1778\/6615\/files\/d4c4f463aa9a2da193a13fbb094daa38_22c4cf19-b1f6-4411-a36a-7192784a5edb_480x480.jpg?v=1685590287\" alt=\"SuperP 14CH Diversity Receiver\" \/><\/p>","protected":false},"excerpt":{"rendered":"<p>Odbiornik SuperP 14CH Diversity zosta\u0142 zaprojektowany nie tylko do lot\u00f3w na du\u017c\u0105 odleg\u0142o\u015b\u0107, fotografii lotniczej, ale tak\u017ce nadaje si\u0119 do zastosowa\u0144 w samolotach, \u015bmig\u0142owcach, samochodach RC, \u0142odziach itp. Posiada oscylator TCXO, dwie anteny, podw\u00f3jne \u0142a\u0144cuchy odbiornika oraz porty Plug-N-Play. Dodatkowo wprowadza wi\u0119cej funkcji, kt\u00f3re obs\u0142uguj\u0105 14 kana\u0142\u00f3w dla zewn\u0119trznego barometru, kolorowej ta\u015bmy LED RGB i [&hellip;]<\/p>","protected":false},"featured_media":8580,"template":"","meta":[],"product_cat":[22,32,41],"product_tag":[],"jetpack_sharing_enabled":true,"_links":{"self":[{"href":"https:\/\/xorr.pl\/en\/wp-json\/wp\/v2\/product\/8579"}],"collection":[{"href":"https:\/\/xorr.pl\/en\/wp-json\/wp\/v2\/product"}],"about":[{"href":"https:\/\/xorr.pl\/en\/wp-json\/wp\/v2\/types\/product"}],"wp:featuredmedia":[{"embeddable":true,"href":"https:\/\/xorr.pl\/en\/wp-json\/wp\/v2\/media\/8580"}],"wp:attachment":[{"href":"https:\/\/xorr.pl\/en\/wp-json\/wp\/v2\/media?parent=8579"}],"wp:term":[{"taxonomy":"product_cat","embeddable":true,"href":"https:\/\/xorr.pl\/en\/wp-json\/wp\/v2\/product_cat?post=8579"},{"taxonomy":"product_tag","embeddable":true,"href":"https:\/\/xorr.pl\/en\/wp-json\/wp\/v2\/product_tag?post=8579"}],"curies":[{"name":"wp","href":"https:\/\/api.w.org\/{rel}","templated":true}]}}