{"id":8591,"date":"2023-09-27T14:29:23","date_gmt":"2023-09-27T12:29:23","guid":{"rendered":"https:\/\/xorr.pl\/?post_type=product&#038;p=8591"},"modified":"2024-09-05T20:19:01","modified_gmt":"2024-09-05T18:19:01","slug":"f4-2-3s-20a-aio-fc-v1","status":"publish","type":"product","link":"https:\/\/xorr.pl\/en\/product\/f4-2-3s-20a-aio-fc-v1\/","title":{"rendered":"F4 2-3S 20A AIO FC V1"},"content":{"rendered":"<div style=\"text-align: start;\">F4 2-3S 20A AIO FC V1 jest specjalnie zaprojektowany dla HD VTX i wykorzystuje baterie 2-3S, aby poprawi\u0107 do\u015bwiadczenie lotu. Posiada rozwi\u0105zanie dwukana\u0142owe BEC, kt\u00f3re dostarcza stabilne wyj\u015bcia mocy o warto\u015bci 9V@2A dla DJI O3 oraz 5V@3A dla urz\u0105dze\u0144 zewn\u0119trznych. Z 20A ESC umo\u017cliwia zwinny lot i zwi\u0119ksza dynamik\u0119. Posiada tak\u017ce z\u0142\u0105cze dla DJI O3 HD VTX oraz port USB dla \u0142atwej instalacji i konserwacji. Idealny dla entuzjast\u00f3w whoop z HD VTX, oferuj\u0105cy podwy\u017cszony poziom profesjonalizmu i wygody przy wyborze tego FC.<\/div>\n<div style=\"text-align: left;\"><img decoding=\"async\" src=\"https:\/\/cdn.shopifycdn.net\/s\/files\/1\/1778\/6615\/files\/1_df7319d6-4013-4a22-87e2-ceb5829efb6e_1024x1024.jpg?v=1692080816\" alt=\"F4 2-3S 20A AIO FC V1\" \/><\/div>\n<h2>Punkty kluczowe:<\/h2>\n<ul>\n<li>Zaprojektowany dla HD VTX, posiada rozwi\u0105zanie dwukana\u0142owe 9V@2A dla DJI O3 oraz 5V@3A dla urz\u0105dze\u0144 zewn\u0119trznych BEC, aby zapobiec wygaszeniu ekranu na DJI O3 z powodu niskiego napi\u0119cia podczas zwi\u0119kszania gazu.<\/li>\n<li>Zawiera nowe PMU DJI O3 6-pin do \u0142atwej instalacji bez lutowania, co zmniejsza skomplikowanie monta\u017cu. Przyjazne dla pocz\u0105tkuj\u0105cych.<\/li>\n<li>Zakres zasilania 2-3S zapewnia wi\u0119kszy ci\u0105g i lepsz\u0105 kontrol\u0119 z 20A ESC, kt\u00f3ry posiada pojedynczy NMOS do ci\u0105g\u0142ego pr\u0105du.<\/li>\n<li>Ulepszony odbiornik na pok\u0142adzie pozwala na wy\u0142\u0105czenie zasilania w celu oszcz\u0119dzania energii oraz oferuje dodatkowe porty UART TX3 i RX3 do pod\u0142\u0105czania urz\u0105dze\u0144 zewn\u0119trznych.<\/li>\n<li>Przeprojektowany uk\u0142ad pad\u00f3w do lutowania zapewnia wi\u0119ksze i bardziej stabilne pady do \u0142atwego i niezawodnego lutowania, a przesuni\u0119ty port USB na tylnej cz\u0119\u015bci u\u0142atwia konfiguracj\u0119 komputera.<\/li>\n<li>Posiada chip STM32F405RGT6, zintegrowany odbiornik Serial ELRS 2.4G, 16MB czarny box, barometr, miernik pr\u0105du, 3 pe\u0142ne porty szeregowe oraz standardowy SBUS, obs\u0142uguj\u0105 GPS, HD VTX, odbiornik zewn\u0119trzny i inne urz\u0105dzenia.<\/li>\n<\/ul>\n<p><img decoding=\"async\" src=\"https:\/\/cdn.shopifycdn.net\/s\/files\/1\/1778\/6615\/files\/eb44cfd418bd0c3f52fdcc9a83ae49e0_244e407d-1a29-41c8-92b7-254c14da261c_600x600.jpg?v=1691997239\" alt=\"\" \/><\/p>\n<h2>Specification<\/h2>\n<ul>\n<li>Waga: 5,58 g (bez konektor\u00f3w silnika i kabla zasilaj\u0105cego), 5,92 g (z konektorami silnika)<\/li>\n<li>Rozmiar otwor\u00f3w monta\u017cowych: 26 mm x 26 mm<\/li>\n<li>CPU*: STM32F405RGT6 (168 MHz)<\/li>\n<li>Sze\u015b\u0107 osi: ICM42688P (po\u0142\u0105czenie SPI)<\/li>\n<li>Odbiornik: Serial ELRS 2.4G<\/li>\n<li>Wersja oprogramowania odbiornika RX: BETAFPV AIO 2400 RX ELRS V2.5.2<\/li>\n<li>Antena: Drut emaliowany<\/li>\n<li>Pami\u0119\u0107 Blackbox: 16 MB<\/li>\n<li>Czujnik: Barometr (BMP280), Napi\u0119cie i pr\u0105d<\/li>\n<li>BEC 5V*: 5V 3A przy zasilaniu 8V<\/li>\n<li>BEC 9V*: 9V 2A przy zasilaniu 8V<\/li>\n<li>Port USB: SH1.0 4-pin<\/li>\n<li>Wbudowany ESC o sta\u0142ym pr\u0105dzie 20A i pr\u0105dzie szczytowym 25A<\/li>\n<li>Napi\u0119cie wej\u015bciowe ESC: 2-3S<\/li>\n<li>Wersja oprogramowania FC: Betaflight_4.4.1_BETAFPVF405<\/li>\n<li>Oprogramowanie ESC: C_X_70_48_V0.19.2.hex dla sprz\u0119tu BB51 Bluejay<\/li>\n<li>Obs\u0142uga sygna\u0142u: D-shot300, D-shot600<\/li>\n<li>*Pr\u0105d wyj\u015bciowy BEC b\u0119dzie si\u0119 zmniejsza\u0107 wraz ze wzrostem temperatury<\/li>\n<\/ul>\n<h2>Diagram of LiteRadio 2 SE<\/h2>\n<div style=\"text-align: left;\">Schemat znajdziesz poni\u017cej w za\u0142\u0105czniku.<\/div>\n<div style=\"text-align: left;\"><img decoding=\"async\" style=\"float: none;\" src=\"https:\/\/cdn.shopifycdn.net\/s\/files\/1\/1778\/6615\/files\/8b1760d60771bc56e3f18490d57f3c36_8929a853-0e7c-4434-ab7a-9e447bf263ac_600x600.jpg?v=1691996986\" alt=\"F4 2-3S 20A AIO FC V1\" \/><\/div>\n<div style=\"text-align: left;\"><img decoding=\"async\" src=\"https:\/\/cdn.shopifycdn.net\/s\/files\/1\/1778\/6615\/files\/0cb3583415a4558d6c5d6ffb43f91be0_06e2f3a4-5d5b-4e3c-bc73-2bd2a9194826_600x600.jpg?v=1691997111\" alt=\"F4 2-3S 20A AIO FC V1\" \/><\/div>\n<h2>Por\u00f3wnanie:<\/h2>\n<p>Ulepszyli\u015bmy FC z F4 1S 12A AIO FC V3 na F4 2-3S 20A AIO FC V1. Zaktualizowane FC posiada ESC o pojemno\u015bci pr\u0105dowej impulsu wynosz\u0105cej 25A, co zapewnia stabiln\u0105 prac\u0119 kontrolera lotu nawet w przypadku zatrzymania silnika. Dodatkowo dost\u0119pne jest zasilanie 9V 2A BEC, co zapewnia stabiln\u0105 prac\u0119 DJI O3 HD VTX przy niskim napi\u0119ciu baterii. Dodali\u015bmy r\u00f3wnie\u017c DJI O3 6-pin PMU, co umo\u017cliwia pod\u0142\u0105czenie HD VTX bez konieczno\u015bci lutowania. Wprowadzili\u015bmy funkcje takie jak 16MB czarny box z obs\u0142ug\u0105 GPS, zewn\u0119trznych odbiornik\u00f3w i innych urz\u0105dze\u0144. Przeprojektowali\u015bmy uk\u0142ad pad\u00f3w do lutowania oraz z\u0142\u0105cze USB, co u\u0142atwia instalacj\u0119 i konserwacj\u0119.<\/p>\n<div class=\"table-wrapper\">\n<p>Tabela por\u00f3wnawcza:<\/p>\n<table>\n<thead>\n<tr>\n<th><\/th>\n<th>F4 1S 12A AIO FC V3<\/th>\n<th>F4 2-3S 20A AIO FC V1<\/th>\n<\/tr>\n<\/thead>\n<tbody>\n<tr>\n<td>Weight<\/td>\n<td>4,23 g<\/td>\n<td>5,58 g<\/td>\n<\/tr>\n<tr>\n<td>BEC<\/td>\n<td>5V@3A dla RX zewn.<\/td>\n<td>5V@3A dla RX zewn.<\/td>\n<\/tr>\n<tr>\n<td><\/td>\n<td><\/td>\n<td>9V@2A dla DJI O3<\/td>\n<\/tr>\n<tr>\n<td>Z\u0142\u0105cze DJI O3<\/td>\n<td>Brak<\/td>\n<td>Obs\u0142ugiwane<\/td>\n<\/tr>\n<tr>\n<td>Pr\u0105d ESC<\/td>\n<td>12A<\/td>\n<td>20A<\/td>\n<\/tr>\n<tr>\n<td>Napi\u0119cie ESC<\/td>\n<td>1-2S<\/td>\n<td>2-3S<\/td>\n<\/tr>\n<tr>\n<td>Liczba port\u00f3w<\/td>\n<td>2<em>UART, 1<\/em>SBUS<\/td>\n<td>4<em>UART, 1<\/em>SBUS<\/td>\n<\/tr>\n<\/tbody>\n<\/table>\n<\/div>\n<p>Uwaga: Je\u015bli korzystasz z F4 2-3S 20A AIO FC V1, port szeregowy odbiornika SBUS to UART5, podczas gdy w F4 1S 12A AIO Brushless FC V3 to UART6.<\/p>\n<p>F4 2-3S 20A AIO FC V1 rozszerzy\u0142 r\u00f3wnie\u017c port USB na kraw\u0119d\u017a dla \u0142atwiejszej regulacji parametr\u00f3w i przewodzenia. Dodano nowy PMU DJI O3 6-pin dla wygodnej instalacji i konserwacji.<\/p>\n<p><img decoding=\"async\" src=\"https:\/\/cdn.shopifycdn.net\/s\/files\/1\/1778\/6615\/files\/1_093a7451-0864-4b39-9e47-4dd208e49b82_1024x1024.jpg?v=1691720109\" alt=\"\" \/><\/p>\n<p>FAQ:<\/p>\n<ul>\n<li>Wy\u0142\u0105czanie zasilania: Usuni\u0119cie koralika od\u0142\u0105cza zasilanie, a aby ponownie u\u017cy\u0107 wbudowanego odbiornika ELRS, trzeba po\u0142\u0105czy\u0107 pady do lutowania, aby przywr\u00f3ci\u0107 zasilanie.<\/li>\n<li>Uwolnienie UART3: Usuni\u0119cie dw\u00f3ch rezystor\u00f3w na padach lutowania zwalnia UART3. Lewa strona to TX3, a prawa strona to RX3. Aby ponownie pod\u0142\u0105czy\u0107, nale\u017cy po\u0142\u0105czy\u0107 pady do lutowania podczas ponownego u\u017cycia wbudowanego odbiornika ELRS.<\/li>\n<li>Prze\u0142\u0105cznik napi\u0119cia: Z\u0142\u0105cze HD VTX domy\u015blnie ustawione jest na 9V. Koralik jest wlutowany mi\u0119dzy pady 9V a \u015brodkowym padem. Aby u\u017cy\u0107 WalkSnail Avatar HD mini 1s i Lite, upewnij si\u0119, \u017ce napi\u0119cie zasilania wynosi 5V. Usu\u0144 najpierw koralik z pady 9V i wlutuj go mi\u0119dzy \u015brodkowy pad a pad 5V. Alternatywnie mo\u017cna u\u017cy\u0107 lutu zamiast koralika, aby prze\u0142\u0105czy\u0107 si\u0119 mi\u0119dzy padami 5V i 9V.<\/li>\n<li>Wyb\u00f3r silnika: Unikaj wybierania silnik\u00f3w o zbyt wysokich ratingach KV, poniewa\u017c silniki o warto\u015bci KV powy\u017cej 20 000 s\u0105 podatne na spalenie.<\/li>\n<\/ul>\n<p><img decoding=\"async\" src=\"https:\/\/cdn.shopifycdn.net\/s\/files\/1\/1778\/6615\/files\/2_45522700-9e0a-4899-b2da-7872cc929a5c_1024x1024.jpg?v=1692099574\" alt=\"F4 2-3S 20A AIO FC V1\" \/><\/p>\n<p>&nbsp;<\/p>\n<p><img decoding=\"async\" src=\"https:\/\/cdn.shopifycdn.net\/s\/files\/1\/1778\/6615\/files\/3_76128d97-b00a-4014-a614-b4ba7dccf02a_1024x1024.jpg?v=1692080785\" alt=\"F4 2-3S 20A AIO FC V1\" \/><\/p>\n<p>&nbsp;<\/p>\n<h2>Package<\/h2>\n<ul>\n<li>1 * F4 2-3S 20A AIO FC V1<\/li>\n<li>4 * \u015aruba maszynowa M2*10<\/li>\n<li>4 * \u015aruba nylonowa M2*10<\/li>\n<li>4 * Nakr\u0119tka M2<\/li>\n<li>4 * Kulka t\u0142umi\u0105ca<\/li>\n<li>4 * Wtyczka k\u0105towa JST 1,25 mm<\/li>\n<li>4 * Wtyczka prostok\u0105tna JST 1,25 mm<\/li>\n<li>1 * Kabel adaptera SH1.0 4-pin<\/li>\n<li>1 * Kabel adaptera Type-C do SH1.0<\/li>\n<li>1 * Kabel zasilaj\u0105cy XT30<\/li>\n<li>1 * Kondensator filtruj\u0105cy<\/li>\n<li>1 * Przew\u00f3d z\u0142\u0105cza VTX o d\u0142ugo\u015bci 30 mm<\/li>\n<li>1 * Przew\u00f3d z\u0142\u0105cza VTX o d\u0142ugo\u015bci 60 mm<\/li>\n<\/ul>\n<div style=\"text-align: start;\"><img decoding=\"async\" style=\"margin-bottom: 16px; float: none;\" src=\"https:\/\/cdn.shopifycdn.net\/s\/files\/1\/1778\/6615\/files\/3f89305fb1dabad87b9b93324e3c25cd_8e21555c-9d6c-4c25-9045-f50b44ff1407_480x480.jpg?v=1691997421\" alt=\"F4 2-3S 20A AIO FC V1\" \/><\/div>","protected":false},"excerpt":{"rendered":"<p>F4 2-3S 20A AIO FC V1 jest specjalnie zaprojektowany dla HD VTX i wykorzystuje baterie 2-3S, aby poprawi\u0107 do\u015bwiadczenie lotu. Posiada rozwi\u0105zanie dwukana\u0142owe BEC, kt\u00f3re dostarcza stabilne wyj\u015bcia mocy o warto\u015bci 9V@2A dla DJI O3 oraz 5V@3A dla urz\u0105dze\u0144 zewn\u0119trznych. Z 20A ESC umo\u017cliwia zwinny lot i zwi\u0119ksza dynamik\u0119. Posiada tak\u017ce z\u0142\u0105cze dla DJI O3 [&hellip;]<\/p>","protected":false},"featured_media":8592,"template":"","meta":[],"product_cat":[22,32,45,40],"product_tag":[],"jetpack_sharing_enabled":true,"_links":{"self":[{"href":"https:\/\/xorr.pl\/en\/wp-json\/wp\/v2\/product\/8591"}],"collection":[{"href":"https:\/\/xorr.pl\/en\/wp-json\/wp\/v2\/product"}],"about":[{"href":"https:\/\/xorr.pl\/en\/wp-json\/wp\/v2\/types\/product"}],"wp:featuredmedia":[{"embeddable":true,"href":"https:\/\/xorr.pl\/en\/wp-json\/wp\/v2\/media\/8592"}],"wp:attachment":[{"href":"https:\/\/xorr.pl\/en\/wp-json\/wp\/v2\/media?parent=8591"}],"wp:term":[{"taxonomy":"product_cat","embeddable":true,"href":"https:\/\/xorr.pl\/en\/wp-json\/wp\/v2\/product_cat?post=8591"},{"taxonomy":"product_tag","embeddable":true,"href":"https:\/\/xorr.pl\/en\/wp-json\/wp\/v2\/product_tag?post=8591"}],"curies":[{"name":"wp","href":"https:\/\/api.w.org\/{rel}","templated":true}]}}