{"id":8595,"date":"2023-09-27T14:52:38","date_gmt":"2023-09-27T12:52:38","guid":{"rendered":"https:\/\/xorr.pl\/?post_type=product&#038;p=8595"},"modified":"2024-03-11T17:51:29","modified_gmt":"2024-03-11T16:51:29","slug":"silniki-betafpv-0702","status":"publish","type":"product","link":"https:\/\/xorr.pl\/en\/product\/silniki-betafpv-0702\/","title":{"rendered":"Silniki BetaFPV 0702"},"content":{"rendered":"<p>Lekkie drony whoop o rozmiarze 65 mm staj\u0105 si\u0119 coraz bardziej popularne w\u015br\u00f3d entuzjast\u00f3w wy\u015bcig\u00f3w. Jako najl\u017cejsze silniki dost\u0119pne na rynku, nasze modele 0702 i 0702SE wa\u017c\u0105 zaledwie 1,52 g i 1,42 g. W po\u0142\u0105czeniu z \u0142opatkami Gemfan 1210 2-\u0142opatkowymi lub Gemfan 1208 3-\u0142opatkowymi oraz \u015brubami PEEK, kt\u00f3re dalszo redukuj\u0105 wag\u0119 do mniej ni\u017c 18 g, te lekkie komponenty zapewniaj\u0105 wyj\u0105tkow\u0105 wydajno\u015b\u0107 lotu. Idealne do dron\u00f3w whoop o rozmiarze 65 mm, s\u0105 doskona\u0142ym wyborem dla pilot\u00f3w, kt\u00f3rzy chc\u0105 podnie\u015b\u0107 swoje umiej\u0119tno\u015bci wy\u015bcigowe whoop na wy\u017cszy poziom i wyr\u00f3\u017cni\u0107 si\u0119 na tle konkurencji.<\/p>\n<p><img decoding=\"async\" src=\"https:\/\/cdn.shopify.com\/s\/files\/1\/1778\/6615\/files\/1_790b3e10-9bdf-4c63-8162-6f01c64ac9dd_1024x1024.jpg?v=1686659995\" alt=\"0702 Brushless Motors\" \/><\/p>\n<h2 class=\"p1\">Punkty kluczowe:<\/h2>\n<ul>\n<li>Te silniki s\u0105 projektowane specjalnie dla ultralekkich dron\u00f3w wy\u015bcigowych o rozmiarze 65 mm, oferuj\u0105 niezr\u00f3wnan\u0105 wydajno\u015b\u0107 podczas ekstremalnych lot\u00f3w wy\u015bcigowych.<\/li>\n<li>Silnik 0702 posiada podw\u00f3jne \u0142o\u017cyska kulkowe i wa\u017cy zaledwie 1,52 g, lub 1,45 g bez z\u0142\u0105cza. Dla tych, kt\u00f3rzy szukaj\u0105 jeszcze wi\u0119kszych pr\u0119dko\u015bci, dost\u0119pna jest opcja 30000KV, kt\u00f3ra zapewnia wi\u0119ksz\u0105 moc na gazie. Te silniki s\u0105 idealne do wewn\u0105trz pomieszcze\u0144 podczas wy\u015bcig\u00f3w FPV i umo\u017cliwiaj\u0105 agresywne latanie.<\/li>\n<li>Silnik 0702SE wyposa\u017cony jest w tuleje mosi\u0119\u017cne, co czyni go zar\u00f3wno lekkim (1,42 g, lub 1,35 g bez z\u0142\u0105cza), jak i wydajnym. Ten bardziej przyst\u0119pny cenowo i trwa\u0142y silnik jest idealnym wyborem do instalacji o niezwykle niskiej wadze.<\/li>\n<li>Prawda jest taka, \u017ce \u200b\u200bdla wszystkich pr\u0119dko\u015bci silnik\u00f3w 0702 istnieje silnik o rozmiarze 603 lub 802, kt\u00f3ry mo\u017ce osi\u0105gn\u0105\u0107 ten sam ci\u0105g z wi\u0119ksz\u0105 wydajno\u015bci\u0105. Silnik 0702 jest jednak preferowany przez aktywnych pilot\u00f3w FPV ze wzgl\u0119du na zdolno\u015b\u0107 do zmniejszenia wagi z dala od \u015brodka ci\u0119\u017cko\u015bci samolotu. Mosi\u0119\u017cny silnik 0702SE to niezawodny i ekonomiczny wyb\u00f3r dla tych pilot\u00f3w.<\/li>\n<li>W po\u0142\u0105czeniu z \u015brubami PEEK, wa\u017c\u0105cymi zaledwie 0,10 gram\u00f3w\/12 sztuk, mo\u017cna zaoszcz\u0119dzi\u0107 nawet 0,46 gram\u00f3w na budow\u0119. Dzi\u0119ki wi\u0119kszej odporno\u015bci na ciep\u0142o, antyfriction, antywstrz\u0105sowym i antyzm\u0119czeniowym w\u0142a\u015bciwo\u015bciom, \u015bruby PEEK s\u0105 nie tylko niezawodne, ale tak\u017ce trwa\u0142e.<\/li>\n<li>W po\u0142\u0105czeniu z ultralekkimi \u0142opatkami Gemfan 1210 2-\u0142opatkowymi lub Gemfan 1208 3-\u0142opatkowymi, zapewniaj\u0105 one mocny wydajny lot i niezr\u00f3wnan\u0105 responsywno\u015b\u0107, idealne do wy\u015bcig\u00f3w i lot\u00f3w freestyle. Spe\u0142niaj\u0105 r\u00f3\u017cne potrzeby instalacji lekkiego drona whoop<\/li>\n<\/ul>\n<h2 class=\"p1\">Specification<\/h2>\n<div class=\"table-wrapper\">\n<table width=\"584\">\n<tbody>\n<tr>\n<td width=\"168\"><\/td>\n<td width=\"208\">0702 Brushless Motors<\/td>\n<td width=\"208\">0702SE Brushless Motors<\/td>\n<\/tr>\n<tr>\n<td width=\"168\">Bearing<\/td>\n<td width=\"208\">Dual Ball Bearings<\/td>\n<td width=\"208\">Brass\u00a0Bushings<\/td>\n<\/tr>\n<tr>\n<td width=\"168\">KV<\/td>\n<td width=\"208\">27000KV, 30000KV<\/td>\n<td width=\"208\">25000KV, 27000KV<\/td>\n<\/tr>\n<tr>\n<td width=\"168\">Weight<\/td>\n<td width=\"208\">1.52g\u00b10.03g<\/td>\n<td width=\"208\">1.42g\u00b10.03g<\/td>\n<\/tr>\n<tr>\n<td width=\"168\">Weight Without Connector<\/td>\n<td width=\"208\">1.45g<\/td>\n<td width=\"208\">1.35g<\/td>\n<\/tr>\n<tr>\n<td width=\"168\">Color<\/td>\n<td width=\"208\">Black<\/td>\n<td width=\"208\">Ice Blue<\/td>\n<\/tr>\n<tr>\n<td width=\"168\">Shaft Diameter<\/td>\n<td colspan=\"2\" width=\"416\">1mm<\/td>\n<\/tr>\n<tr>\n<td width=\"168\">Shaft Length<\/td>\n<td colspan=\"2\" width=\"416\">4.2mm<\/td>\n<\/tr>\n<tr>\n<td width=\"168\">Hole Distance<\/td>\n<td colspan=\"2\" width=\"416\">6.6mm<\/td>\n<\/tr>\n<tr>\n<td width=\"168\">Motor\u00a0Mount\u00a0Holes<\/td>\n<td colspan=\"2\" width=\"416\">M1.4<\/td>\n<\/tr>\n<tr>\n<td width=\"168\">Input\u00a0Voltage<\/td>\n<td colspan=\"2\" width=\"416\">1S<\/td>\n<\/tr>\n<tr>\n<td width=\"168\">Cables<\/td>\n<td colspan=\"2\" width=\"416\">35mm including connector, 30AWG cables<\/td>\n<\/tr>\n<tr>\n<td width=\"168\">Dimensions<\/td>\n<td colspan=\"2\" width=\"416\">12.75*\u03c69mm<\/td>\n<\/tr>\n<\/tbody>\n<\/table>\n<\/div>\n<div style=\"text-align: start;\"><\/div>\n<p><img decoding=\"async\" style=\"margin-bottom: 16px; float: none;\" src=\"https:\/\/cdn.shopifycdn.net\/s\/files\/1\/1778\/6615\/files\/f7d7c897f798fc44c391847188c3ac79_9fb2c225-054f-4635-a7f1-aa433c6a3e46_600x600.jpg?v=1685937468\" alt=\"0702 Brushless Motors\" \/><\/p>\n<div style=\"text-align: start;\"><img decoding=\"async\" src=\"https:\/\/cdn.shopifycdn.net\/s\/files\/1\/1778\/6615\/files\/f7d7c897f798fc44c391847188c3ac79_2b9393a7-c3d8-4183-ab66-e10bad4f71e5_600x600.jpg?v=1685937490\" alt=\"0702SE Brushless Motors\" \/><\/div>\n<h2 class=\"p1\">0702\u00a0and 0702SE Motors<\/h2>\n<p>Wyb\u00f3r odpowiednich \u0142o\u017cysk dla dron\u00f3w whoop jest kluczowy dla osi\u0105gni\u0119cia optymalnej wydajno\u015bci i trwa\u0142o\u015bci. Tuleje mosi\u0119\u017cne, b\u0119d\u0105c lekkie, s\u0105 ekonomicznym i trwa\u0142ym wyborem w sytuacjach, gdzie prawdopodobie\u0144stwo awarii jest wi\u0119ksze. Z kolei podw\u00f3jne \u0142o\u017cyska kulkowe zapewniaj\u0105 p\u0142ynn\u0105 prac\u0119, lepsz\u0105 wydajno\u015b\u0107 przy wysokich pr\u0119dko\u015bciach i d\u0142u\u017csz\u0105 \u017cywotno\u015b\u0107 silnika. Korzystaj\u0105c z podw\u00f3jnych \u0142o\u017cysk kulkowych, mo\u017cna zapewni\u0107, \u017ce silnik pozostaje w doskona\u0142ym stanie przez d\u0142ugi okres czasu, zachowuj\u0105c przy tym wysok\u0105 wydajno\u015b\u0107.<\/p>\n<p><img decoding=\"async\" src=\"https:\/\/cdn.shopify.com\/s\/files\/1\/1778\/6615\/files\/76c2af73c476e41230a07c5f2cdb7999_38f6d7e0-66e4-491f-9917-5e3c0d71cf21_1024x1024.jpg?v=1686708377\" alt=\"0702 Brushless Motors\" \/><\/p>\n<h2 class=\"p1\">\u015aruby PEEK<\/h2>\n<p>\u015aruby PEEK to ostateczne rozwi\u0105zanie dla lekkich dron\u00f3w whoop, kt\u00f3re pozwalaj\u0105 zaoszcz\u0119dzi\u0107 wi\u0119cej gram\u00f3w podczas budowy. \u015aruby PEEK wa\u017c\u0105 zaledwie 0,10 gram\u00f3w\/12 sztuk, co pozwala zaoszcz\u0119dzi\u0107 nawet 0,46 gram\u00f3w w por\u00f3wnaniu z metalowymi \u015brubami, zachowuj\u0105c przy tym wi\u0119ksz\u0105 wytrzyma\u0142o\u015b\u0107 i trwa\u0142o\u015b\u0107 ni\u017c \u015bruby nylonowe. Dzi\u0119ki wi\u0119kszej odporno\u015bci na ciep\u0142o, antyfriction, antywstrz\u0105sowym i antyzm\u0119czeniowym w\u0142a\u015bciwo\u015bciom, \u015bruby PEEK s\u0105 nie tylko niezawodne, ale tak\u017ce trwa\u0142e. S\u0105 idealne do budowy dron\u00f3w o rozmiarze 65 mm\/75 mm, w tym lekkich dron\u00f3w z serii Meteor.<\/p>\n<h2><img decoding=\"async\" src=\"https:\/\/cdn.shopifycdn.net\/s\/files\/1\/1778\/6615\/files\/PEEK_a6d82390-de29-401a-adfd-73ebc29a0835_1024x1024.jpg?v=1686193199\" alt=\"0702 Brushless Motors\" \/><\/h2>\n<h2>Propellers<\/h2>\n<p>Dla dron\u00f3w wy\u015bcigowych, kt\u00f3re wymagaj\u0105 zwinno\u015bci i szybkiej wydajno\u015bci lotu, \u0142opatka 1208 o \u015brednicy 31 mm i 3 \u0142opatkach jest odpowiednim wyborem do po\u0142\u0105czenia z silnikiem 0702 o warto\u015bci KV wynosz\u0105cej 27000 lub 30000KV. Alternatywnie, dla dron\u00f3w freestyle, kt\u00f3re priorytetem stawiaj\u0105 na akrobatyczne manewry, \u0142opatka 1210 o \u015brednicy 31 mm i 2 \u0142opatkach jest lepiej dopasowana do silnika 0702 o warto\u015bci KV wynosz\u0105cej 25000 lub 27000KV. Wyb\u00f3r odpowiednich \u0142opatek i silnik\u00f3w ma kluczowe znaczenie dla optymalizacji wydajno\u015bci lotu drona wy\u015bcigowego i mo\u017ce znacz\u0105co poprawi\u0107 og\u00f3ln\u0105 jako\u015b\u0107 wy\u015bcig\u00f3w dla pilot\u00f3w.<\/p>\n<p><img decoding=\"async\" src=\"https:\/\/cdn.shopify.com\/s\/files\/1\/1778\/6615\/files\/0f5620133c78b6b923be50f8c890e69e_2ea73de9-292f-4fb2-bae1-8037ee200abb_1024x1024.jpg?v=1686624677\" alt=\"0702 Brushless Motors\" \/><\/p>\n<p>&nbsp;<\/p>\n<div style=\"text-align: start;\"><img decoding=\"async\" style=\"margin-bottom: 16px; float: none;\" src=\"https:\/\/cdn.shopifycdn.net\/s\/files\/1\/1778\/6615\/files\/9948510e3dcfc96b7b03038a28ab2954_1024x1024.jpg?v=1685937536\" alt=\"0702 Brushless Motors\" width=\"682\" height=\"1067\" \/><\/div>\n<div style=\"text-align: start;\"><img decoding=\"async\" src=\"https:\/\/cdn.shopifycdn.net\/s\/files\/1\/1778\/6615\/files\/9948510e3dcfc96b7b03038a28ab2954_abc6268e-fcc7-4dc9-af63-db2210b4b39c_1024x1024.jpg?v=1685937576\" alt=\"0702SE Brushless Motors\" \/><\/div>\n<h2 class=\"p1\">Package<\/h2>\n<ul>\n<li>4 * 0702 \/ 0702SE brushless motor<\/li>\n<li>15 * M1.4*3 PEEK screws<\/li>\n<li>12 * M1.4*3 metal screws<\/li>\n<\/ul>\n<p><img decoding=\"async\" src=\"https:\/\/cdn.shopifycdn.net\/s\/files\/1\/1778\/6615\/files\/3f89305fb1dabad87b9b93324e3c25cd_b84f3da6-152c-4764-8a1a-3e9ead32b4cc_480x480.jpg?v=1685937614\" alt=\"\" \/><\/p>","protected":false},"excerpt":{"rendered":"<p>Lekkie drony whoop o rozmiarze 65 mm staj\u0105 si\u0119 coraz bardziej popularne w\u015br\u00f3d entuzjast\u00f3w wy\u015bcig\u00f3w. Jako najl\u017cejsze silniki dost\u0119pne na rynku, nasze modele 0702 i 0702SE wa\u017c\u0105 zaledwie 1,52 g i 1,42 g. W po\u0142\u0105czeniu z \u0142opatkami Gemfan 1210 2-\u0142opatkowymi lub Gemfan 1208 3-\u0142opatkowymi oraz \u015brubami PEEK, kt\u00f3re dalszo redukuj\u0105 wag\u0119 do mniej ni\u017c 18 [&hellip;]<\/p>","protected":false},"featured_media":8596,"template":"","meta":[],"product_cat":[22,32,36],"product_tag":[],"jetpack_sharing_enabled":true,"_links":{"self":[{"href":"https:\/\/xorr.pl\/en\/wp-json\/wp\/v2\/product\/8595"}],"collection":[{"href":"https:\/\/xorr.pl\/en\/wp-json\/wp\/v2\/product"}],"about":[{"href":"https:\/\/xorr.pl\/en\/wp-json\/wp\/v2\/types\/product"}],"wp:featuredmedia":[{"embeddable":true,"href":"https:\/\/xorr.pl\/en\/wp-json\/wp\/v2\/media\/8596"}],"wp:attachment":[{"href":"https:\/\/xorr.pl\/en\/wp-json\/wp\/v2\/media?parent=8595"}],"wp:term":[{"taxonomy":"product_cat","embeddable":true,"href":"https:\/\/xorr.pl\/en\/wp-json\/wp\/v2\/product_cat?post=8595"},{"taxonomy":"product_tag","embeddable":true,"href":"https:\/\/xorr.pl\/en\/wp-json\/wp\/v2\/product_tag?post=8595"}],"curies":[{"name":"wp","href":"https:\/\/api.w.org\/{rel}","templated":true}]}}